{"id":1118,"date":"2021-10-21T13:01:26","date_gmt":"2021-10-21T13:01:26","guid":{"rendered":"https:\/\/physiosculpt.hr\/?page_id=1118"},"modified":"2021-12-09T07:36:43","modified_gmt":"2021-12-09T07:36:43","slug":"ljepota-i-zdravlje","status":"publish","type":"page","link":"https:\/\/physiosculpt.hr\/?page_id=1118","title":{"rendered":"Ljepota i zdravlje"},"content":{"rendered":"<div class=\"wpb-content-wrapper\"><p>[vc_row][vc_column]<div class=\"cz_gap clr \" style=\"height: 50px\"><\/div>[\/vc_column][\/vc_row][vc_row][vc_column width=&#8221;1\/2&#8243;]<div class=\"clr\"><ul id=\"cz_54192\" class=\"cz_54192 cz_stylish_list clr cz_sl_icon_hover_zoom_in\"><li class=\"clr\"><div class=\"cz_sl_icon\"><i class=\"fa czico-106-check-mark mr10\" ><\/i><\/div><div><span>Brazilska maderoterapija<small>Brazilska maderoterapija koristi kombinaciju ru\u010dnih pokreta, masa\u017ee oklagijama i specifi\u010dnim madero vakuum \u010da\u0161icama \u010dime se posti\u017ee djelovanje duboko u slojevima tkiva te aktivacija stanica iznutra. Njene prednosti su kompletan lifting i definiranje cijelog tijela te smanjenje masnih naslaga.<\/small><\/span><\/div><\/li><\/ul><\/div><div class=\"clr\"><ul id=\"cz_19567\" class=\"cz_19567 cz_stylish_list clr cz_sl_icon_hover_zoom_in\"><li class=\"clr\"><div class=\"cz_sl_icon\"><i class=\"fa czico-106-check-mark mr10\" ><\/i><\/div><div><span>Presoterapija<small>Presoterapija ili aparativna limfna drena\u017ea je postupak kojim tijelo vra\u0107amo u ravnote\u017eu. Izvodi se aparatom uz pomo\u0107 rukava\/nogavice koji se pune zrakom u programiranim vremenskim intervalima. Upuhivanjem zraka stvara se pritisak na odre\u0111ene dijelove tijela, a me\u0111ustani\u010dna teku\u0107ina koja se talo\u017eila, tada se potiskuje natrag u krvotok. Ovim se tretmanom poti\u010de br\u017ei rad metabolizma i pobolj\u0161ava prokrvljenost tkiva, izbacuje vi\u0161ak teku\u0107ine iz tijela, u\u010dvr\u0161\u0107uje i zate\u017ee ko\u017ea te umanjuje stres.<\/small><\/span><\/div><\/li><\/ul><\/div><div class=\"clr\"><ul id=\"cz_105952\" class=\"cz_105952 cz_stylish_list clr cz_sl_icon_hover_zoom_in\"><li class=\"clr\"><div class=\"cz_sl_icon\"><i class=\"fa czico-106-check-mark mr10\" ><\/i><\/div><div><span>Masa\u017ea <small>Masa\u017ea se izvodi rukama u svrhu izravnog ili neizravnog djelovanja na mi\u0161i\u0107ni i \u017eiv\u010dani sustav te cirkulaciju krvi i limfe. Dobrobiti medicinske masa\u017ee su zna\u010dajne u smislu uklanjanja napetosti i bolova muskulature te pobolj\u0161anja sna.<\/small><\/span><\/div><\/li><\/ul><\/div><div class=\"clr\"><ul id=\"cz_101702\" class=\"cz_101702 cz_stylish_list clr cz_sl_icon_hover_zoom_in\"><li class=\"clr\"><div class=\"cz_sl_icon\"><i class=\"fa czico-106-check-mark mr10\" ><\/i><\/div><div><span>Tretmani radiofrekvencijom<small>Tretmani radiofrekvencijom popularni su zbog mnogih pozitivnih u\u010dinaka na ko\u017eu, lice i tijelo. Djeluje tako da zagrijava ko\u017eu na povr\u0161ini i u dubokom sloju, ubrzavaju\u0107i metabolizam stanice i fibroblasta koji proizvode kolagen \u010dime se stimulira stvaranje kolagena i odmah vidljivo zate\u017ee ko\u017ea. Osim pobolj\u0161anja tonusa ko\u017ee, radiovalovi djeluju i tako da tope masno tkivo, a \u0161to poma\u017ee prilikom mr\u0161avljenja.<\/small><\/span><\/div><\/li><\/ul><\/div>[\/vc_column][vc_column width=&#8221;1\/2&#8243;]<div class=\"cz_gap clr \" style=\"height: 50px\"><\/div><div id=\"cz_79807\" class=\"cz_grid_p cz_79807\"><div class=\"cz_grid cz_grid_1 clr cz_grid_c2 cz_grid_1_no_title cz_grid_1_mid tac cz_grid_1_no_title\"><div class=\"cz_grid_item cz_grid_first\"><\/div><div class=\"cz_grid_item \"><div data-title=\"WhatsApp Image 2021-10-25 at 09.21.43(1)\"><a class=\"cz_grid_link \" href=\"https:\/\/ml9iq06zpk4p.i.optimole.com\/w:auto\/h:auto\/q:mauto\/g:sm\/f:best\/https:\/\/physiosculpt.hr\/wp-content\/uploads\/2021\/10\/WhatsApp-Image-2021-10-25-at-09.21.431.jpeg\" data-xtra-lightbox><img data-opt-id=2004004161  fetchpriority=\"high\" decoding=\"async\" class=\"\" src=\"https:\/\/ml9iq06zpk4p.i.optimole.com\/w:auto\/h:auto\/q:mauto\/g:sm\/f:best\/https:\/\/physiosculpt.hr\/wp-content\/uploads\/2021\/10\/WhatsApp-Image-2021-10-25-at-09.21.431.jpeg\" width=\"360\" height=\"240\" alt=\"WhatsApp Image 2021-10-25 at 09.21.43(1)\" title=\"WhatsApp Image 2021-10-25 at 09.21.43(1)\" \/><div class=\"cz_grid_details\"><i class=\"fa fa-search cz_grid_icon\"><\/i><\/div><\/a><\/div><\/div><div class=\"cz_grid_item \"><div data-title=\"WhatsApp Image 2021-10-25 at 09.21.43\"><a class=\"cz_grid_link \" href=\"https:\/\/ml9iq06zpk4p.i.optimole.com\/w:auto\/h:auto\/q:mauto\/g:sm\/f:best\/https:\/\/physiosculpt.hr\/wp-content\/uploads\/2021\/10\/WhatsApp-Image-2021-10-25-at-09.21.43.jpeg\" data-xtra-lightbox><img data-opt-id=2140823615  fetchpriority=\"high\" decoding=\"async\" class=\"\" src=\"https:\/\/ml9iq06zpk4p.i.optimole.com\/w:auto\/h:auto\/q:mauto\/g:sm\/f:best\/https:\/\/physiosculpt.hr\/wp-content\/uploads\/2021\/10\/WhatsApp-Image-2021-10-25-at-09.21.43.jpeg\" width=\"360\" height=\"240\" alt=\"WhatsApp Image 2021-10-25 at 09.21.43\" title=\"WhatsApp Image 2021-10-25 at 09.21.43\" \/><div class=\"cz_grid_details\"><i class=\"fa fa-search cz_grid_icon\"><\/i><\/div><\/a><\/div><\/div><\/div><\/div><div class=\"cz_gap clr \" style=\"height: 30px\"><\/div><div id=\"cz_62401\" class=\"cz_grid_p cz_62401\"><div class=\"cz_grid cz_grid_1 clr cz_grid_c2 cz_grid_1_no_title cz_grid_1_mid tac cz_grid_1_no_title\"><div class=\"cz_grid_item cz_grid_first\"><\/div><div class=\"cz_grid_item \"><div data-title=\"WhatsApp Image 2021-10-30 at 15.11.07\"><a class=\"cz_grid_link \" href=\"https:\/\/ml9iq06zpk4p.i.optimole.com\/w:auto\/h:auto\/q:mauto\/g:sm\/f:best\/https:\/\/physiosculpt.hr\/wp-content\/uploads\/2021\/11\/WhatsApp-Image-2021-10-30-at-15.11.07.jpeg\" data-xtra-lightbox><img data-opt-id=1318837535  fetchpriority=\"high\" decoding=\"async\" class=\"\" src=\"https:\/\/ml9iq06zpk4p.i.optimole.com\/w:500\/h:350\/q:mauto\/g:sm\/f:best\/https:\/\/physiosculpt.hr\/wp-content\/uploads\/2021\/11\/WhatsApp-Image-2021-10-30-at-15.11.07.jpeg\" width=\"500\" height=\"350\" alt=\"WhatsApp Image 2021-10-30 at 15.11.07\" title=\"WhatsApp Image 2021-10-30 at 15.11.07\" \/><div class=\"cz_grid_details\"><i class=\"fa fa-search cz_grid_icon\"><\/i><\/div><\/a><\/div><\/div><div class=\"cz_grid_item \"><div data-title=\"WhatsApp Image 2021-10-30 at 15.11.07(1)\"><a class=\"cz_grid_link \" href=\"https:\/\/ml9iq06zpk4p.i.optimole.com\/w:auto\/h:auto\/q:mauto\/g:sm\/f:best\/https:\/\/physiosculpt.hr\/wp-content\/uploads\/2021\/11\/WhatsApp-Image-2021-10-30-at-15.11.071.jpeg\" data-xtra-lightbox><img data-opt-id=1390841506  data-opt-src=\"https:\/\/ml9iq06zpk4p.i.optimole.com\/w:500\/h:350\/q:mauto\/g:sm\/f:best\/https:\/\/physiosculpt.hr\/wp-content\/uploads\/2021\/11\/WhatsApp-Image-2021-10-30-at-15.11.071.jpeg\"  decoding=\"async\" class=\"\" src=\"https:\/\/ml9iq06zpk4p.i.optimole.com\/w:500\/h:350\/q:eco\/g:sm\/f:best\/https:\/\/physiosculpt.hr\/wp-content\/uploads\/2021\/11\/WhatsApp-Image-2021-10-30-at-15.11.071.jpeg\" width=\"500\" height=\"350\" alt=\"WhatsApp Image 2021-10-30 at 15.11.07(1)\" title=\"WhatsApp Image 2021-10-30 at 15.11.07(1)\" \/><div class=\"cz_grid_details\"><i class=\"fa fa-search cz_grid_icon\"><\/i><\/div><\/a><\/div><\/div><\/div><\/div><div class=\"cz_gap clr \" style=\"height: 30px\"><\/div><div id=\"cz_41291\" class=\"cz_grid_p cz_41291\"><div class=\"cz_grid cz_grid_1 clr cz_grid_c2 cz_grid_1_no_title cz_grid_1_mid tac cz_grid_1_no_title\"><div class=\"cz_grid_item cz_grid_first\"><\/div><div class=\"cz_grid_item \"><div data-title=\"WhatsApp Image 2021-10-25 at 09.19.38(1)\"><a class=\"cz_grid_link \" href=\"https:\/\/ml9iq06zpk4p.i.optimole.com\/w:auto\/h:auto\/q:mauto\/g:sm\/f:best\/https:\/\/physiosculpt.hr\/wp-content\/uploads\/2021\/10\/WhatsApp-Image-2021-10-25-at-09.19.381.jpeg\" data-xtra-lightbox><img data-opt-id=355831792  data-opt-src=\"https:\/\/ml9iq06zpk4p.i.optimole.com\/w:auto\/h:auto\/q:mauto\/g:sm\/f:best\/https:\/\/physiosculpt.hr\/wp-content\/uploads\/2021\/10\/WhatsApp-Image-2021-10-25-at-09.19.381.jpeg\"  decoding=\"async\" class=\"\" src=\"https:\/\/ml9iq06zpk4p.i.optimole.com\/w:auto\/h:auto\/q:eco\/g:sm\/f:best\/https:\/\/physiosculpt.hr\/wp-content\/uploads\/2021\/10\/WhatsApp-Image-2021-10-25-at-09.19.381.jpeg\" width=\"360\" height=\"240\" alt=\"WhatsApp Image 2021-10-25 at 09.19.38(1)\" title=\"WhatsApp Image 2021-10-25 at 09.19.38(1)\" \/><div class=\"cz_grid_details\"><i class=\"fa fa-search cz_grid_icon\"><\/i><\/div><\/a><\/div><\/div><div class=\"cz_grid_item \"><div data-title=\"masa\u017ea lica\"><a class=\"cz_grid_link \" href=\"https:\/\/ml9iq06zpk4p.i.optimole.com\/w:auto\/h:auto\/q:mauto\/g:sm\/f:best\/https:\/\/physiosculpt.hr\/wp-content\/uploads\/2021\/11\/masaza-lica.jpg\" data-xtra-lightbox><img data-opt-id=800722808  data-opt-src=\"https:\/\/ml9iq06zpk4p.i.optimole.com\/w:500\/h:350\/q:mauto\/g:sm\/f:best\/https:\/\/physiosculpt.hr\/wp-content\/uploads\/2021\/11\/masaza-lica.jpg\"  decoding=\"async\" class=\"\" src=\"https:\/\/ml9iq06zpk4p.i.optimole.com\/w:500\/h:350\/q:eco\/g:sm\/f:best\/https:\/\/physiosculpt.hr\/wp-content\/uploads\/2021\/11\/masaza-lica.jpg\" width=\"500\" height=\"350\" alt=\"masa\u017ea lica\" title=\"masa\u017ea lica\" \/><div class=\"cz_grid_details\"><i class=\"fa fa-search cz_grid_icon\"><\/i><\/div><\/a><\/div><\/div><\/div><\/div><div class=\"cz_gap clr \" style=\"height: 30px\"><\/div><div id=\"cz_21577\" class=\"cz_grid_p cz_21577\"><div class=\"cz_grid cz_grid_1 clr cz_grid_c2 cz_grid_1_no_title cz_grid_1_mid tac cz_grid_1_no_title\"><div class=\"cz_grid_item cz_grid_first\"><\/div><div class=\"cz_grid_item \"><div data-title=\"rf3\"><a class=\"cz_grid_link \" href=\"https:\/\/ml9iq06zpk4p.i.optimole.com\/w:auto\/h:auto\/q:mauto\/g:sm\/f:best\/https:\/\/physiosculpt.hr\/wp-content\/uploads\/2021\/11\/rf3.jpg\" data-xtra-lightbox><img data-opt-id=1920421061  data-opt-src=\"https:\/\/ml9iq06zpk4p.i.optimole.com\/w:500\/h:350\/q:mauto\/g:sm\/f:best\/https:\/\/physiosculpt.hr\/wp-content\/uploads\/2021\/11\/rf3.jpg\"  decoding=\"async\" class=\"\" src=\"https:\/\/ml9iq06zpk4p.i.optimole.com\/w:500\/h:350\/q:eco\/g:sm\/f:best\/https:\/\/physiosculpt.hr\/wp-content\/uploads\/2021\/11\/rf3.jpg\" width=\"500\" height=\"350\" alt=\"rf3\" title=\"rf3\" \/><div class=\"cz_grid_details\"><i class=\"fa fa-search cz_grid_icon\"><\/i><\/div><\/a><\/div><\/div><div class=\"cz_grid_item \"><div data-title=\"rf2\"><a class=\"cz_grid_link \" href=\"https:\/\/ml9iq06zpk4p.i.optimole.com\/w:auto\/h:auto\/q:mauto\/g:sm\/f:best\/https:\/\/physiosculpt.hr\/wp-content\/uploads\/2021\/11\/rf2.jpg\" data-xtra-lightbox><img data-opt-id=2100932616  data-opt-src=\"https:\/\/ml9iq06zpk4p.i.optimole.com\/w:500\/h:350\/q:mauto\/g:sm\/f:best\/https:\/\/physiosculpt.hr\/wp-content\/uploads\/2021\/11\/rf2.jpg\"  decoding=\"async\" class=\"\" src=\"https:\/\/ml9iq06zpk4p.i.optimole.com\/w:500\/h:350\/q:eco\/g:sm\/f:best\/https:\/\/physiosculpt.hr\/wp-content\/uploads\/2021\/11\/rf2.jpg\" width=\"500\" height=\"350\" alt=\"rf2\" title=\"rf2\" \/><div class=\"cz_grid_details\"><i class=\"fa fa-search cz_grid_icon\"><\/i><\/div><\/a><\/div><\/div><\/div><\/div><div class=\"cz_gap clr \" style=\"height: 50px\"><\/div>[\/vc_column][\/vc_row][vc_row][vc_column]<div class=\"cz_gap clr \" style=\"height: 50px\"><\/div>[\/vc_column][\/vc_row][vc_row full_width=&#8221;stretch_row&#8221;][vc_column]<div class=\"cz_gap clr \" style=\"height: 50px\"><\/div><div class=\"cz_eqh cz_content_box_parent_fx fx_bob \"><div id=\"cz_42129\" class=\"cz_42129 cz_content_box clr wpb_animate_when_almost_visible bottom-to-top\"><div class=\"cz_box_front clr\"><div class=\"cz_box_front_inner clr \"><span><\/span><div>[vc_row_inner][vc_column_inner offset=&#8221;vc_col-lg-9 vc_col-md-12 vc_col-xs-12&#8243;]<div id=\"cz_78485\" class=\"cz_78485 cz_title clr cz_title_has_icon cz_title_pos_inline\"><div class=\"cz_title_content\"><i class=\"cz_title_icon_before fa fa-check\"><\/i><div class=\"cz_wpe_content\"><h3><span style=\"font-size: 22px;\">Nazovite, ostavite e-poruku ili nas kontaktirajte putem web stranice. <\/span><\/h3>\n<p><span style=\"color: #d4d4d4;\">Uvijek smo Vam na raspolaganju.<\/span><\/p>\n<\/div><\/div><\/div>[\/vc_column_inner][vc_column_inner offset=&#8221;vc_col-lg-3 vc_col-md-12 vc_col-xs-12&#8243;]<div class=\"cz_btn_center\"><div class=\"cz_36881_p\"><a id=\"cz_36881\" class=\"cz_36881 cz_btn cz_btn_txt_no_fx cz_btn_no_fx\" href=\"#\"><span><i class=\"fa fa-angle-right\"><\/i><strong>KONTAKTIRAJTE NAS<\/strong><\/span><b class=\"cz_btn_onhover\"><i class=\"fa fa-angle-right\"><\/i><strong>KONTAKTIRAJTE NAS<\/strong><\/b><\/a><\/div><\/div>[\/vc_column_inner][\/vc_row_inner]<\/div><\/div><\/div><\/div><\/div><div class=\"cz_gap clr  hide_on_tablet hide_on_mobile\" style=\"height: 110px\"><\/div><div class=\"cz_gap show_on_tablet clr  show_only_tablet\" style=\"height: 40px\"><\/div><div class=\"cz_gap show_on_mobile clr\" style=\"height: 20px\"><\/div>[\/vc_column][\/vc_row][vc_row full_width=&#8221;stretch_row_content_no_spaces&#8221; css=&#8221;.vc_custom_1634821638430{border-bottom-width: 3px !important;border-bottom-color: #f64cff !important;border-bottom-style: solid !important;}&#8221;][vc_column]<div class=\"cz_gap clr \" style=\"height: 50px\"><\/div>[\/vc_column][\/vc_row]<\/p>\n<\/div>","protected":false},"excerpt":{"rendered":"[vc_row][vc_column][\/vc_column][\/vc_row][vc_row][vc_column width=\"1\/2\"]Brazilska maderoterapijaBrazilska maderoterapija koristi kombinaciju ru\u010dnih pokreta, masa\u017ee oklagijama i specifi\u010dnim madero vakuum \u010da\u0161icama \u010dime se posti\u017ee djelovanje duboko","protected":false},"author":1,"featured_media":0,"parent":0,"menu_order":0,"comment_status":"closed","ping_status":"closed","template":"","meta":{"footnotes":""},"class_list":["post-1118","page","type-page","status-publish","hentry"],"_links":{"self":[{"href":"https:\/\/physiosculpt.hr\/index.php?rest_route=\/wp\/v2\/pages\/1118","targetHints":{"allow":["GET"]}}],"collection":[{"href":"https:\/\/physiosculpt.hr\/index.php?rest_route=\/wp\/v2\/pages"}],"about":[{"href":"https:\/\/physiosculpt.hr\/index.php?rest_route=\/wp\/v2\/types\/page"}],"author":[{"embeddable":true,"href":"https:\/\/physiosculpt.hr\/index.php?rest_route=\/wp\/v2\/users\/1"}],"replies":[{"embeddable":true,"href":"https:\/\/physiosculpt.hr\/index.php?rest_route=%2Fwp%2Fv2%2Fcomments&post=1118"}],"version-history":[{"count":40,"href":"https:\/\/physiosculpt.hr\/index.php?rest_route=\/wp\/v2\/pages\/1118\/revisions"}],"predecessor-version":[{"id":1427,"href":"https:\/\/physiosculpt.hr\/index.php?rest_route=\/wp\/v2\/pages\/1118\/revisions\/1427"}],"wp:attachment":[{"href":"https:\/\/physiosculpt.hr\/index.php?rest_route=%2Fwp%2Fv2%2Fmedia&parent=1118"}],"curies":[{"name":"wp","href":"https:\/\/api.w.org\/{rel}","templated":true}]}}