{"id":1145,"date":"2021-10-21T13:23:06","date_gmt":"2021-10-21T13:23:06","guid":{"rendered":"https:\/\/physiosculpt.hr\/?page_id=1145"},"modified":"2021-12-09T08:05:51","modified_gmt":"2021-12-09T08:05:51","slug":"kineziterapija","status":"publish","type":"page","link":"https:\/\/physiosculpt.hr\/?page_id=1145","title":{"rendered":"Kineziterapija"},"content":{"rendered":"<div class=\"wpb-content-wrapper\"><p>[vc_row full_width=&#8221;stretch_row_content_no_spaces&#8221; equal_height=&#8221;yes&#8221;][vc_column offset=&#8221;vc_col-lg-6&#8243;]<div class=\"cz_gap clr  hide_on_tablet hide_on_mobile\" style=\"height: 150px\"><\/div><div class=\"cz_gap show_on_tablet clr  show_only_tablet\" style=\"height: 30px\"><\/div><div class=\"cz_gap show_on_mobile clr\" style=\"height: 30px\"><\/div><div id=\"cz_11759\" class=\"cz_11759 cz_title clr cz_mobile_text_center cz_title_pos_inline\"><div class=\"cz_title_content\"><div class=\"cz_wpe_content\"><h3><span style=\"font-size: 34px;\">Kineziterapija <\/span><\/h3>\n<\/div><\/div><\/div><div id=\"cz_51110\" class=\"cz_51110 cz_title clr cz_mobile_text_center cz_title_pos_inline\"><div class=\"cz_title_content\"><div class=\"cz_wpe_content\"><h3 style=\"text-align: justify;\"><span style=\"line-height: 1; font-size: 18px;\"><span style=\"font-weight: 400;\"><img data-opt-id=122357414  fetchpriority=\"high\" decoding=\"async\" class=\"alignleft size-medium wp-image-1228\" src=\"https:\/\/ml9iq06zpk4p.i.optimole.com\/w:300\/h:200\/q:mauto\/g:sm\/f:best\/id:7af2c518cb3ef5efca7884a5a9994d44\/https:\/\/physiosculpt.hr\/WhatsApp-Image-2021-10-25-at-09.19.06.jpeg\" alt=\"\" width=\"300\" height=\"200\" srcset=\"https:\/\/ml9iq06zpk4p.i.optimole.com\/w:300\/h:200\/q:mauto\/g:sm\/f:best\/id:7af2c518cb3ef5efca7884a5a9994d44\/https:\/\/physiosculpt.hr\/WhatsApp-Image-2021-10-25-at-09.19.06.jpeg 300w, https:\/\/ml9iq06zpk4p.i.optimole.com\/w:360\/h:200\/q:mauto\/g:sm\/f:best\/id:7af2c518cb3ef5efca7884a5a9994d44\/https:\/\/physiosculpt.hr\/WhatsApp-Image-2021-10-25-at-09.19.06.jpeg 360w\" sizes=\"(max-width: 300px) 100vw, 300px\" \/>Kineziterapija se odnosi na lije\u010denje pokretom usmjereno na rehabilitaciju odre\u0111enih bolnih stanja, ozljeda i posturalnih problema s ciljem vra\u0107anja funkcije i olak\u0161avanja izvo\u0111enja aktivnosti svakodnevnog \u017eivota. Namijenjena je svim reumatskim bolesnicima, osobama s ortopedskim problemima, neurolo\u0161kim problemima, kardiovaskularnim bolesnicima, ali i trudnicama te svim zdravim pojedincima.<\/span><\/span><\/h3>\n<\/div><\/div><\/div><div class=\"cz_gap clr  hide_on_tablet hide_on_mobile\" style=\"height: 150px\"><\/div><div class=\"cz_gap show_on_tablet clr  show_only_tablet\" style=\"height: 30px\"><\/div><div class=\"cz_gap show_on_mobile clr\" style=\"height: 30px\"><\/div>[\/vc_column][vc_column css=&#8221;.vc_custom_1637593438319{padding-right: 50px !important;padding-left: 50px !important;background-image: url(https:\/\/ml9iq06zpk4p.i.optimole.com\/w:auto\/h:auto\/q:mauto\/g:sm\/f:best\/id:f1e144d702334150f50b84b7af8c03b7\/https:\/\/physiosculpt.hr\/FS-4-scaled.jpg?id=1308) !important;background-position: center !important;background-repeat: no-repeat !important;background-size: cover !important;}&#8221; offset=&#8221;vc_col-lg-6&#8243;][\/vc_column][\/vc_row]<\/p>\n<\/div>","protected":false},"excerpt":{"rendered":"[vc_row full_width=\"stretch_row_content_no_spaces\" equal_height=\"yes\"][vc_column offset=\"vc_col-lg-6\"]Kineziterapija Kineziterapija se odnosi na lije\u010denje pokretom usmjereno na rehabilitaciju odre\u0111enih bolnih stanja, ozljeda i posturalnih problema","protected":false},"author":1,"featured_media":0,"parent":0,"menu_order":0,"comment_status":"closed","ping_status":"closed","template":"","meta":{"footnotes":""},"class_list":["post-1145","page","type-page","status-publish","hentry"],"_links":{"self":[{"href":"https:\/\/physiosculpt.hr\/index.php?rest_route=\/wp\/v2\/pages\/1145","targetHints":{"allow":["GET"]}}],"collection":[{"href":"https:\/\/physiosculpt.hr\/index.php?rest_route=\/wp\/v2\/pages"}],"about":[{"href":"https:\/\/physiosculpt.hr\/index.php?rest_route=\/wp\/v2\/types\/page"}],"author":[{"embeddable":true,"href":"https:\/\/physiosculpt.hr\/index.php?rest_route=\/wp\/v2\/users\/1"}],"replies":[{"embeddable":true,"href":"https:\/\/physiosculpt.hr\/index.php?rest_route=%2Fwp%2Fv2%2Fcomments&post=1145"}],"version-history":[{"count":13,"href":"https:\/\/physiosculpt.hr\/index.php?rest_route=\/wp\/v2\/pages\/1145\/revisions"}],"predecessor-version":[{"id":1429,"href":"https:\/\/physiosculpt.hr\/index.php?rest_route=\/wp\/v2\/pages\/1145\/revisions\/1429"}],"wp:attachment":[{"href":"https:\/\/physiosculpt.hr\/index.php?rest_route=%2Fwp%2Fv2%2Fmedia&parent=1145"}],"curies":[{"name":"wp","href":"https:\/\/api.w.org\/{rel}","templated":true}]}}