{"id":1197,"date":"2021-10-22T12:11:16","date_gmt":"2021-10-22T12:11:16","guid":{"rendered":"https:\/\/physiosculpt.hr\/?page_id=1197"},"modified":"2021-12-09T07:38:44","modified_gmt":"2021-12-09T07:38:44","slug":"o-nama","status":"publish","type":"page","link":"https:\/\/physiosculpt.hr\/?page_id=1197","title":{"rendered":"O nama"},"content":{"rendered":"<div class=\"wpb-content-wrapper\"><p>[vc_row][vc_column offset=&#8221;vc_col-lg-6&#8243;]<div class=\"cz_gap clr  hide_on_tablet hide_on_mobile\" style=\"height: 50px\"><\/div><div class=\"cz_gap show_on_tablet clr \" style=\"height: 0px\"><\/div><div id=\"cz_16036\" class=\"cz_16036 cz_title clr cz_mobile_text_center cz_title_pos_inline\"><div class=\"cz_title_content\"><div class=\"cz_wpe_content\"><h3><span style=\"font-size: 34px;\"><em>FizioSculpt<\/em><\/span><\/h3>\n<\/div><\/div><\/div><div id=\"cz_44780\" class=\"cz_44780 cz_title clr cz_mobile_text_center cz_title_pos_inline\"><div class=\"cz_title_content\"><div class=\"cz_wpe_content\"><h3 style=\"text-align: justify;\"><em><strong><span style=\"line-height: 2; font-size: 22px;\">Zdravlje i ljepota rezultat su navika.\u00a0<\/span><\/strong><\/em><\/h3>\n<\/div><\/div><\/div><div class=\"cz_gap clr  hide_on_tablet hide_on_mobile\" style=\"height: 30px\"><\/div><div class=\"cz_gap show_on_tablet clr  show_only_tablet\" style=\"height: 10px\"><\/div><div class=\"cz_gap show_on_mobile clr\" style=\"height: 10px\"><\/div><div id=\"cz_42112\" class=\"cz_42112 cz_title clr cz_mobile_text_center cz_title_pos_inline\"><div class=\"cz_title_content\"><div class=\"cz_wpe_content\"><h3 style=\"text-align: justify;\"><span style=\"line-height: 2; font-size: 22px;\"><span style=\"font-weight: 300;\">FizioSculpt studio otvoren je 2021.g s ciljem pru\u017eanja individualnog i personaliziranog tretmana za Va\u0161e tijelo. Kontinuiranim usavr\u0161avanjem svojih znanja i vje\u0161tina osiguravamo kvalitetnu uslugu, a na\u0161a sveobuhvatna briga daje uspje\u0161ne rezultate i zadovoljne klijente.<\/span><\/span><\/h3>\n<\/div><\/div><\/div><div class=\"cz_gap clr  hide_on_tablet hide_on_mobile\" style=\"height: 70px\"><\/div><div class=\"cz_gap show_on_tablet clr  show_only_tablet\" style=\"height: 50px\"><\/div><div class=\"cz_gap show_on_mobile clr\" style=\"height: 50px\"><\/div>[\/vc_column][vc_column css=&#8221;.vc_custom_1514376487179{padding-right: 50px !important;padding-left: 50px !important;}&#8221; offset=&#8221;vc_col-lg-6&#8243;]<div id=\"cz_74891\" data-position=\"top-right\" class=\"cz_74891 cz_image clr cz_image_no_fx center_on_mobile\"><div class=\"cz_svg_bg\" ><div class=\"cz_image_in\"><div class=\"cz_main_image\"><img data-opt-id=846101204  fetchpriority=\"high\" loading=\"eager\" decoding=\"sync\" data-no-lazy=\"1\" width=\"1000\" height=\"494\" src=\"https:\/\/ml9iq06zpk4p.i.optimole.com\/w:auto\/h:auto\/q:mauto\/g:sm\/f:best\/id:8cc747642d930447462dac42027cc5ca\/https:\/\/physiosculpt.hr\/WhatsApp-Image-2021-10-28-at-15.41.47.jpeg\" class=\"attachment-full\" alt=\"WhatsApp Image 2021 10 28 at 15 41 47\" title=\"WhatsApp Image 2021-10-28 at 15.41.47\" srcset=\"https:\/\/ml9iq06zpk4p.i.optimole.com\/w:300\/h:148\/q:mauto\/g:sm\/f:best\/id:8cc747642d930447462dac42027cc5ca\/https:\/\/physiosculpt.hr\/WhatsApp-Image-2021-10-28-at-15.41.47.jpeg 300w, https:\/\/ml9iq06zpk4p.i.optimole.com\/w:768\/h:379\/q:mauto\/g:sm\/f:best\/id:8cc747642d930447462dac42027cc5ca\/https:\/\/physiosculpt.hr\/WhatsApp-Image-2021-10-28-at-15.41.47.jpeg 768w, https:\/\/ml9iq06zpk4p.i.optimole.com\/w:600\/h:494\/q:mauto\/g:sm\/f:best\/id:8cc747642d930447462dac42027cc5ca\/https:\/\/physiosculpt.hr\/WhatsApp-Image-2021-10-28-at-15.41.47.jpeg 600w, https:\/\/ml9iq06zpk4p.i.optimole.com\/w:1000\/h:200\/q:mauto\/g:sm\/f:best\/id:8cc747642d930447462dac42027cc5ca\/https:\/\/physiosculpt.hr\/WhatsApp-Image-2021-10-28-at-15.41.47.jpeg 1000w\" sizes=\"(max-width: 1000px) 100vw, 1000px\"  \/><\/div><\/div><\/div><\/div>[\/vc_column][\/vc_row]<\/p>\n<\/div>","protected":false},"excerpt":{"rendered":"[vc_row][vc_column offset=\"vc_col-lg-6\"]FizioSculpt Zdravlje i ljepota rezultat su navika.\u00a0 FizioSculpt studio otvoren je 2021.g s ciljem pru\u017eanja individualnog i personaliziranog tretmana","protected":false},"author":1,"featured_media":0,"parent":0,"menu_order":0,"comment_status":"closed","ping_status":"closed","template":"","meta":{"footnotes":""},"class_list":["post-1197","page","type-page","status-publish","hentry"],"_links":{"self":[{"href":"https:\/\/physiosculpt.hr\/index.php?rest_route=\/wp\/v2\/pages\/1197","targetHints":{"allow":["GET"]}}],"collection":[{"href":"https:\/\/physiosculpt.hr\/index.php?rest_route=\/wp\/v2\/pages"}],"about":[{"href":"https:\/\/physiosculpt.hr\/index.php?rest_route=\/wp\/v2\/types\/page"}],"author":[{"embeddable":true,"href":"https:\/\/physiosculpt.hr\/index.php?rest_route=\/wp\/v2\/users\/1"}],"replies":[{"embeddable":true,"href":"https:\/\/physiosculpt.hr\/index.php?rest_route=%2Fwp%2Fv2%2Fcomments&post=1197"}],"version-history":[{"count":7,"href":"https:\/\/physiosculpt.hr\/index.php?rest_route=\/wp\/v2\/pages\/1197\/revisions"}],"predecessor-version":[{"id":1413,"href":"https:\/\/physiosculpt.hr\/index.php?rest_route=\/wp\/v2\/pages\/1197\/revisions\/1413"}],"wp:attachment":[{"href":"https:\/\/physiosculpt.hr\/index.php?rest_route=%2Fwp%2Fv2%2Fmedia&parent=1197"}],"curies":[{"name":"wp","href":"https:\/\/api.w.org\/{rel}","templated":true}]}}