{"id":13,"date":"2017-06-10T08:24:41","date_gmt":"2017-06-10T08:24:41","guid":{"rendered":"http:\/\/xtratheme.combusiness-2\/?page_id=6"},"modified":"2021-12-09T08:06:18","modified_gmt":"2021-12-09T08:06:18","slug":"fizikalne-procedure","status":"publish","type":"page","link":"https:\/\/physiosculpt.hr\/?page_id=13","title":{"rendered":"Fizikalne procedure"},"content":{"rendered":"<div class=\"wpb-content-wrapper\"><p>[vc_row full_width=&#8221;stretch_row_content_no_spaces&#8221; equal_height=&#8221;yes&#8221;][vc_column offset=&#8221;vc_col-lg-6&#8243;]<div class=\"cz_gap clr  hide_on_tablet hide_on_mobile\" style=\"height: 150px\"><\/div><div class=\"cz_gap show_on_tablet clr  show_only_tablet\" style=\"height: 30px\"><\/div><div class=\"cz_gap show_on_mobile clr\" style=\"height: 30px\"><\/div><div id=\"cz_95636\" class=\"cz_95636 cz_title clr cz_mobile_text_center cz_title_pos_inline\"><div class=\"cz_title_content\"><div class=\"cz_wpe_content\"><h3><span style=\"font-size: 34px;\">Ultrazvuk <\/span><\/h3>\n<\/div><\/div><\/div><div id=\"cz_20018\" class=\"cz_20018 cz_title clr cz_mobile_text_center cz_title_pos_inline\"><div class=\"cz_title_content\"><div class=\"cz_wpe_content\"><h3 style=\"text-align: justify;\"><span style=\"line-height: 1; font-size: 18px;\"><span style=\"font-weight: 400;\">Primjena ultrazvu\u010dne energije u svrhu lije\u010denja. Vibracije iz ultrazvu\u010dne glave prenose se u tkivo i napreduju u dubinu u obliku valova. Primjenjuje se na mekim tkivima i zglobovima, a pobolj\u0161ava mikrocirkulaciju, smanjuje bol te poti\u010de relaksaciju tkiva.<\/span><\/span><\/h3>\n<\/div><\/div><\/div><div class=\"cz_gap clr  hide_on_tablet hide_on_mobile\" style=\"height: 150px\"><\/div><div class=\"cz_gap show_on_tablet clr  show_only_tablet\" style=\"height: 30px\"><\/div><div class=\"cz_gap show_on_mobile clr\" style=\"height: 30px\"><\/div>[\/vc_column][vc_column css=&#8221;.vc_custom_1637593401363{padding-right: 50px !important;padding-left: 50px !important;background-image: url(https:\/\/ml9iq06zpk4p.i.optimole.com\/w:auto\/h:auto\/q:mauto\/g:sm\/f:best\/id:016fc0566a9a8e09308ba9a2fd62a254\/https:\/\/physiosculpt.hr\/WhatsApp-Image-2021-10-30-at-15.24.541.jpeg?id=1254) !important;background-position: center !important;background-repeat: no-repeat !important;background-size: cover !important;}&#8221; offset=&#8221;vc_col-lg-6&#8243;][\/vc_column][\/vc_row][vc_row full_width=&#8221;stretch_row_content_no_spaces&#8221; equal_height=&#8221;yes&#8221;][vc_column css=&#8221;.vc_custom_1635844059236{padding-right: 50px !important;padding-left: 50px !important;background-image: url(https:\/\/ml9iq06zpk4p.i.optimole.com\/w:auto\/h:auto\/q:mauto\/g:sm\/f:best\/id:b39b55d85e10ced10faecaf9894ae4d2\/https:\/\/physiosculpt.hr\/WhatsApp-Image-2021-10-30-at-15.25.05.jpeg?id=1257) !important;background-position: center !important;background-repeat: no-repeat !important;background-size: cover !important;}&#8221; offset=&#8221;vc_col-lg-6&#8243;][\/vc_column][vc_column offset=&#8221;vc_col-lg-6&#8243;]<div class=\"cz_gap clr  hide_on_tablet hide_on_mobile\" style=\"height: 150px\"><\/div><div class=\"cz_gap show_on_tablet clr  show_only_tablet\" style=\"height: 30px\"><\/div><div class=\"cz_gap show_on_mobile clr\" style=\"height: 30px\"><\/div><div id=\"cz_23576\" class=\"cz_23576 cz_title clr cz_mobile_text_center cz_title_pos_inline\"><div class=\"cz_title_content\"><div class=\"cz_wpe_content\"><h3><span style=\"font-size: 34px;\">Laser <\/span><\/h3>\n<\/div><\/div><\/div><div id=\"cz_101710\" class=\"cz_101710 cz_title clr cz_mobile_text_center cz_title_pos_inline\"><div class=\"cz_title_content\"><div class=\"cz_wpe_content\"><h3 style=\"text-align: justify;\"><span style=\"line-height: 1; font-size: 18px;\"><span style=\"font-weight: 400;\">Laser oda\u0161ilje svjetlosno elektromagnetsko zra\u010denje kojim se tkivo biostimulira. Svjetlo se primjenjuje na bolne to\u010dke ili bolnu zonu sa svrhom ubla\u017eavanja boli te smanjenja upalnih procesa i zacjeljivanja mekih tkiva.<\/span><\/span><\/h3>\n<\/div><\/div><\/div><div class=\"cz_gap clr  hide_on_tablet hide_on_mobile\" style=\"height: 150px\"><\/div><div class=\"cz_gap show_on_tablet clr  show_only_tablet\" style=\"height: 30px\"><\/div><div class=\"cz_gap show_on_mobile clr\" style=\"height: 30px\"><\/div>[\/vc_column][\/vc_row][vc_row full_width=&#8221;stretch_row_content_no_spaces&#8221; equal_height=&#8221;yes&#8221;][vc_column offset=&#8221;vc_col-lg-6&#8243;]<div class=\"cz_gap clr  hide_on_tablet hide_on_mobile\" style=\"height: 150px\"><\/div><div class=\"cz_gap show_on_tablet clr  show_only_tablet\" style=\"height: 30px\"><\/div><div class=\"cz_gap show_on_mobile clr\" style=\"height: 30px\"><\/div><div id=\"cz_15664\" class=\"cz_15664 cz_title clr cz_mobile_text_center cz_title_pos_inline\"><div class=\"cz_title_content\"><div class=\"cz_wpe_content\"><h3><span style=\"font-size: 34px;\">Magnet <\/span><\/h3>\n<\/div><\/div><\/div><div id=\"cz_31644\" class=\"cz_31644 cz_title clr cz_mobile_text_center cz_title_pos_inline\"><div class=\"cz_title_content\"><div class=\"cz_wpe_content\"><h3 style=\"text-align: justify;\"><span style=\"line-height: 1; font-size: 18px;\"><span style=\"font-weight: 400;\">Primjenom magnetoterapije stvara se niskofrekventno pulsiraju\u0107e magnetsko polje koje prodire kroz ljudsko tijelo i zahva\u0107a svaku stanicu koja se nalazi unutar tog polja. Pokretanjem iona u stanici i izvan nje ubrzava se prolazak iona kroz stani\u010dnu membranu \u0161to utje\u010de na metabolizam stanice. Magnet utje\u010de na bolju prokrvljenost tkiva odnosno njegovu opskrbu kisikom i hranjivim tvarima, a \u0161to utje\u010de na br\u017ei proces zacjeljivanja.<\/span><\/span><\/h3>\n<\/div><\/div><\/div><div class=\"cz_gap clr  hide_on_tablet hide_on_mobile\" style=\"height: 150px\"><\/div><div class=\"cz_gap show_on_tablet clr  show_only_tablet\" style=\"height: 30px\"><\/div><div class=\"cz_gap show_on_mobile clr\" style=\"height: 30px\"><\/div>[\/vc_column][vc_column css=&#8221;.vc_custom_1635844027510{padding-right: 50px !important;padding-left: 50px !important;background-image: url(https:\/\/ml9iq06zpk4p.i.optimole.com\/w:auto\/h:auto\/q:mauto\/g:sm\/f:best\/id:055976dad3468fe7c6a4f3ded693df01\/https:\/\/physiosculpt.hr\/WhatsApp-Image-2021-10-30-at-15.24.542.jpeg?id=1256) !important;background-position: center !important;background-repeat: no-repeat !important;background-size: cover !important;}&#8221; offset=&#8221;vc_col-lg-6&#8243;][\/vc_column][\/vc_row][vc_row full_width=&#8221;stretch_row_content_no_spaces&#8221; equal_height=&#8221;yes&#8221;][vc_column css=&#8221;.vc_custom_1635843975453{padding-right: 50px !important;padding-left: 50px !important;background-image: url(https:\/\/ml9iq06zpk4p.i.optimole.com\/V52A46E&#8211;uHBltZ9\/w:auto\/h:auto\/q:75\/process:1252\/id:0933203d0d5b0cce55741291df77c7b8\/https:\/\/physiosculpt.hr\/WhatsApp-Image-2021-10-30-at-15.24.54.jpeg?id=1252) !important;background-position: center !important;background-repeat: no-repeat !important;background-size: cover !important;}&#8221; offset=&#8221;vc_col-lg-6&#8243;][\/vc_column][vc_column offset=&#8221;vc_col-lg-6&#8243;]<div class=\"cz_gap clr  hide_on_tablet hide_on_mobile\" style=\"height: 150px\"><\/div><div class=\"cz_gap show_on_tablet clr  show_only_tablet\" style=\"height: 30px\"><\/div><div class=\"cz_gap show_on_mobile clr\" style=\"height: 30px\"><\/div><div id=\"cz_38970\" class=\"cz_38970 cz_title clr cz_mobile_text_center cz_title_pos_inline\"><div class=\"cz_title_content\"><div class=\"cz_wpe_content\"><h3><span style=\"font-size: 34px;\">Elektroterapija <\/span><\/h3>\n<\/div><\/div><\/div><div id=\"cz_75449\" class=\"cz_75449 cz_title clr cz_mobile_text_center cz_title_pos_inline\"><div class=\"cz_title_content\"><div class=\"cz_wpe_content\"><h3 style=\"text-align: justify;\"><span style=\"line-height: 1; font-size: 18px;\"><span style=\"font-weight: 400;\">Elektroterapija podrazumijeva primjenu elektri\u010dne energije u terapijske svrhe. Dijeli se prema frekvenciji struje koja se aplicira na bolno podru\u010dje. Ispod postavljenih elektroda ili u zoni prostrujavanja doga\u0111aju se razni fiziolo\u0161ki procesi. Smanjuje se podra\u017eljivost osjetilnih receptora, \u0161ire se krvne \u017eile te se pobolj\u0161ava izmjena tvari u stanici. Sve to utje\u010de na smanjenje boli.<\/span><\/span><\/h3>\n<\/div><\/div><\/div><div class=\"cz_gap clr  hide_on_tablet hide_on_mobile\" style=\"height: 150px\"><\/div><div class=\"cz_gap show_on_tablet clr  show_only_tablet\" style=\"height: 30px\"><\/div><div class=\"cz_gap show_on_mobile clr\" style=\"height: 30px\"><\/div>[\/vc_column][\/vc_row][vc_row full_width=&#8221;stretch_row_content_no_spaces&#8221; equal_height=&#8221;yes&#8221; css=&#8221;.vc_custom_1634821130167{border-bottom-width: 3px !important;border-bottom-color: #f64cff !important;border-bottom-style: solid !important;}&#8221;][vc_column offset=&#8221;vc_col-lg-6&#8243;]<div class=\"cz_gap clr  hide_on_tablet hide_on_mobile\" style=\"height: 150px\"><\/div><div class=\"cz_gap show_on_tablet clr  show_only_tablet\" style=\"height: 30px\"><\/div><div class=\"cz_gap show_on_mobile clr\" style=\"height: 30px\"><\/div><div id=\"cz_86713\" class=\"cz_86713 cz_title clr cz_mobile_text_center cz_title_pos_inline\"><div class=\"cz_title_content\"><div class=\"cz_wpe_content\"><h3><span style=\"font-size: 34px;\">TECAR terapija <\/span><\/h3>\n<\/div><\/div><\/div><div id=\"cz_58861\" class=\"cz_58861 cz_title clr cz_mobile_text_center cz_title_pos_inline\"><div class=\"cz_title_content\"><div class=\"cz_wpe_content\"><h3 style=\"text-align: justify;\"><span style=\"line-height: 1; font-size: 18px;\"><span style=\"font-weight: 400;\">Bazira se na oda\u0161iljanju visokofrekventne kapacitivne i rezistivne energije te stimulira intra i ekstrastani\u010dnu ionsku izmjenu. Na neinvazivan na\u010din poti\u010de prirodne fiziolo\u0161ke procese u mi\u0161i\u0107no-vezivnom tkivu i poja\u010dava prirodnu sposobnost regeneracije. Poti\u010de cirkulaciju, ubla\u017eava upalna i bolna stanja te ubrzava zacjeljivanje. <\/span><\/span><\/h3>\n<\/div><\/div><\/div><div class=\"cz_gap clr  hide_on_tablet hide_on_mobile\" style=\"height: 150px\"><\/div><div class=\"cz_gap show_on_tablet clr  show_only_tablet\" style=\"height: 30px\"><\/div><div class=\"cz_gap show_on_mobile clr\" style=\"height: 30px\"><\/div>[\/vc_column][vc_column css=&#8221;.vc_custom_1635844219947{padding-right: 50px !important;padding-left: 50px !important;background-image: url(https:\/\/ml9iq06zpk4p.i.optimole.com\/w:auto\/h:auto\/q:mauto\/g:sm\/f:best\/id:0c9192643016e9a45702d5532ee61955\/https:\/\/physiosculpt.hr\/tecar.jpg?id=1260) !important;background-position: center !important;background-repeat: no-repeat !important;background-size: cover !important;}&#8221; offset=&#8221;vc_col-lg-6&#8243;][\/vc_column][\/vc_row]<\/p>\n<\/div>","protected":false},"excerpt":{"rendered":"<p>[vc_column &#8230; <\/p>\n","protected":false},"author":1,"featured_media":0,"parent":0,"menu_order":0,"comment_status":"closed","ping_status":"closed","template":"","meta":{"footnotes":""},"class_list":["post-13","page","type-page","status-publish","hentry"],"_links":{"self":[{"href":"https:\/\/physiosculpt.hr\/index.php?rest_route=\/wp\/v2\/pages\/13","targetHints":{"allow":["GET"]}}],"collection":[{"href":"https:\/\/physiosculpt.hr\/index.php?rest_route=\/wp\/v2\/pages"}],"about":[{"href":"https:\/\/physiosculpt.hr\/index.php?rest_route=\/wp\/v2\/types\/page"}],"author":[{"embeddable":true,"href":"https:\/\/physiosculpt.hr\/index.php?rest_route=\/wp\/v2\/users\/1"}],"replies":[{"embeddable":true,"href":"https:\/\/physiosculpt.hr\/index.php?rest_route=%2Fwp%2Fv2%2Fcomments&post=13"}],"version-history":[{"count":33,"href":"https:\/\/physiosculpt.hr\/index.php?rest_route=\/wp\/v2\/pages\/13\/revisions"}],"predecessor-version":[{"id":1430,"href":"https:\/\/physiosculpt.hr\/index.php?rest_route=\/wp\/v2\/pages\/13\/revisions\/1430"}],"wp:attachment":[{"href":"https:\/\/physiosculpt.hr\/index.php?rest_route=%2Fwp%2Fv2%2Fmedia&parent=13"}],"curies":[{"name":"wp","href":"https:\/\/api.w.org\/{rel}","templated":true}]}}